{"id":93,"date":"2024-04-28T22:12:25","date_gmt":"2024-04-28T20:12:25","guid":{"rendered":"https:\/\/ghz.pe\/store\/?page_id=93"},"modified":"2025-11-14T07:18:45","modified_gmt":"2025-11-14T12:18:45","slug":"hn2","status":"publish","type":"page","link":"https:\/\/ghz.pe\/store\/","title":{"rendered":"HN2"},"content":{"rendered":"<p>[et_pb_section fb_built=\u00bb1&#8243; admin_label=\u00bbsection\u00bb _builder_version=\u00bb4.27.4&#8243; background_color=\u00bbRGBA(255,255,255,0)\u00bb background_image=\u00bbhttps:\/\/ghz.pe\/store\/wp-content\/uploads\/2025\/09\/FONDOFORMULARIO01.jpg\u00bb parallax=\u00bbon\u00bb parallax_method=\u00bboff\u00bb custom_padding=\u00bb||20px|||\u00bb global_colors_info=\u00bb{}\u00bb][et_pb_row _builder_version=\u00bb4.25.1&#8243; _module_preset=\u00bbdefault\u00bb custom_margin=\u00bb6px|auto||auto||\u00bb global_colors_info=\u00bb{}\u00bb][et_pb_column type=\u00bb4_4&#8243; _builder_version=\u00bb4.25.1&#8243; _module_preset=\u00bbdefault\u00bb global_colors_info=\u00bb{}\u00bb][et_pb_image src=\u00bbhttps:\/\/ghz.pe\/store\/wp-content\/uploads\/2025\/09\/LOGO01.png\u00bb title_text=\u00bbLOGO01&#8243; align=\u00bbcenter\u00bb _builder_version=\u00bb4.27.4&#8243; _module_preset=\u00bbdefault\u00bb width=\u00bb90%\u00bb max_height=\u00bb400px\u00bb global_colors_info=\u00bb{}\u00bb][\/et_pb_image][et_pb_text _builder_version=\u00bb4.27.4&#8243; _module_preset=\u00bbdefault\u00bb text_text_color=\u00bb#53fcfd\u00bb text_font_size=\u00bb28px\u00bb text_text_shadow_style=\u00bbpreset3&#8243; global_colors_info=\u00bb{}\u00bb]<\/p>\n<p style=\"text-align: center;\"><em><strong>14, 15 y 16 de noviembre<\/strong><\/em><\/p>\n<p>[\/et_pb_text][et_pb_text _builder_version=\u00bb4.27.4&#8243; _module_preset=\u00bbdefault\u00bb text_text_color=\u00bb#FFFFFF\u00bb text_font_size=\u00bb23px\u00bb header_2_text_color=\u00bb#fffe16&#8243; text_orientation=\u00bbcenter\u00bb global_colors_info=\u00bb{}\u00bb]<\/p>\n<p style=\"text-align: center;\"><b><i>Participa y gana la posibilidad de viajar a los siguientes destinos:<\/i><\/b><\/p>\n<p>[\/et_pb_text][et_pb_text _builder_version=\u00bb4.27.4&#8243; _module_preset=\u00bbdefault\u00bb text_text_color=\u00bb#FFFFFF\u00bb text_font_size=\u00bb23px\u00bb header_2_text_color=\u00bb#fffe16&#8243; text_orientation=\u00bbcenter\u00bb global_colors_info=\u00bb{}\u00bb]<\/p>\n<p style=\"text-align: center;\"><em>El sorteo del viaje se realizar\u00e1 durante el evento, y <strong>para que el premio sea v\u00e1lido, la persona ganadora deber\u00e1 estar presente<\/strong> f\u00edsicamente o conectada en vivo a la transmisi\u00f3n por streaming en el momento del anuncio.<\/em><\/p>\n<p>[\/et_pb_text][et_pb_image src=\u00bbhttps:\/\/ghz.pe\/store\/wp-content\/uploads\/2025\/10\/destinos-1.png\u00bb title_text=\u00bbdestinos (1)\u00bb _builder_version=\u00bb4.27.4&#8243; _module_preset=\u00bbdefault\u00bb global_colors_info=\u00bb{}\u00bb][\/et_pb_image][\/et_pb_column][\/et_pb_row][et_pb_row column_structure=\u00bb1_4,1_2,1_4&#8243; _builder_version=\u00bb4.27.4&#8243; _module_preset=\u00bbdefault\u00bb width=\u00bb75%\u00bb max_width=\u00bb2560px\u00bb global_colors_info=\u00bb{}\u00bb][et_pb_column type=\u00bb1_4&#8243; _builder_version=\u00bb4.27.0&#8243; _module_preset=\u00bbdefault\u00bb global_colors_info=\u00bb{}\u00bb][\/et_pb_column][et_pb_column type=\u00bb1_2&#8243; _builder_version=\u00bb4.27.0&#8243; _module_preset=\u00bbdefault\u00bb global_colors_info=\u00bb{}\u00bb][et_pb_text _builder_version=\u00bb4.27.4&#8243; _module_preset=\u00bbdefault\u00bb text_text_color=\u00bb#FFFFFF\u00bb text_font_size=\u00bb23px\u00bb header_2_text_color=\u00bb#fffe16&#8243; text_orientation=\u00bbcenter\u00bb global_colors_info=\u00bb{}\u00bb]<\/p>\n<h2><strong><em>\u00a1Compra tu llavero de edici\u00f3n limitada!<\/em><\/strong><\/h2>\n<p><strong><em>que te regala tu entrada al Geek Festival para que disfrutes del Hype Zone y te permite entrar al sorteo de uno de los destinos de viaje<\/em><\/strong><\/p>\n<p>[\/et_pb_text][et_pb_button button_url=\u00bbhttps:\/\/forms.gle\/gsuGn69V8kq2x3Nc7&#8243; url_new_window=\u00bbon\u00bb button_text=\u00bbOpci\u00f3n Google forms\u00bb button_alignment=\u00bbcenter\u00bb _builder_version=\u00bb4.27.4&#8243; _module_preset=\u00bbdefault\u00bb custom_button=\u00bbon\u00bb button_text_color=\u00bb#FFFFFF\u00bb button_bg_color=\u00bbrgba(53,35,98,0.69)\u00bb global_colors_info=\u00bb{}\u00bb button_bg_color__hover_enabled=\u00bbon|desktop\u00bb button_bg_color__hover=\u00bbrgba(53,35,98,0.69)\u00bb][\/et_pb_button][\/et_pb_column][et_pb_column type=\u00bb1_4&#8243; _builder_version=\u00bb4.27.0&#8243; _module_preset=\u00bbdefault\u00bb global_colors_info=\u00bb{}\u00bb][\/et_pb_column][\/et_pb_row][et_pb_row _builder_version=\u00bb4.25.0&#8243; _module_preset=\u00bbdefault\u00bb width=\u00bb85%\u00bb max_width=\u00bb600px\u00bb custom_padding=\u00bb18px|||||\u00bb global_colors_info=\u00bb{}\u00bb][et_pb_column type=\u00bb4_4&#8243; _builder_version=\u00bb4.25.0&#8243; _module_preset=\u00bbdefault\u00bb global_colors_info=\u00bb{}\u00bb][dsm_contact_form_7 cf7_library=\u00bb456&#8243; label_bottom_spacing=\u00bb1px\u00bb button_alignment=\u00bbleft\u00bb input_background_color=\u00bb#FFFFFF\u00bb file_background_color=\u00bbRGBA(255,255,255,0)\u00bb _builder_version=\u00bb4.27.4&#8243; _module_preset=\u00bbdefault\u00bb labels_font=\u00bb&#8211;et_global_heading_font|&#8211;et_global_heading_font_weight|||||||\u00bb labels_text_color=\u00bb#FFFFFF\u00bb labels_font_size=\u00bb16px\u00bb input_textarea_select_font=\u00bbRoboto|300|on||||||\u00bb input_textarea_select_font_size=\u00bb16px\u00bb placeholder_text_align=\u00bbleft\u00bb placeholder_text_color=\u00bb#6b6b6b\u00bb file_font=\u00bbRoboto||||||||\u00bb file_text_color=\u00bb#FFFFFF\u00bb file_font_size=\u00bb16px\u00bb error_msg_text_color=\u00bb#FFFFFF\u00bb error_validation_text_color=\u00bb#FFFFFF\u00bb success_validation_text_color=\u00bb#FFFFFF\u00bb background_color=\u00bbRGBA(255,255,255,0)\u00bb custom_button_one=\u00bbon\u00bb button_one_text_color=\u00bb#FFFFFF\u00bb button_one_bg_color=\u00bb#ff267d\u00bb button_one_border_radius=\u00bb11px\u00bb button_one_font=\u00bbABeeZee|700|||||||\u00bb button_one_use_icon=\u00bboff\u00bb animation_style=\u00bbzoom\u00bb custom_css_free_form=\u00bbh3 {color: #FCE752; padding-top:15px}||h2 {color: #FCE752; padding-top:25px}\u00bb border_width_all_image=\u00bb4px\u00bb border_color_all_image=\u00bb#E22287&#8243; border_color_all_validation_success=\u00bb#7CDA24&#8243; global_colors_info=\u00bb{}\u00bb input_textarea_select_text_color__hover_enabled=\u00bbon|desktop\u00bb input_textarea_select_text_color__hover=\u00bb#000000&#8243; button_one_bg_color__hover_enabled=\u00bbon|hover\u00bb button_one_bg_color__hover=\u00bbrgba(53,35,98,0.8)\u00bb button_one_bg_enable_color__hover=\u00bbon\u00bb][\/dsm_contact_form_7][et_pb_image src=\u00bbhttps:\/\/ghz.pe\/store\/wp-content\/uploads\/2024\/06\/logo-ghz.webp\u00bb title_text=\u00bblogo-ghz\u00bb align=\u00bbcenter\u00bb _builder_version=\u00bb4.25.1&#8243; _module_preset=\u00bbdefault\u00bb width=\u00bb55%\u00bb global_colors_info=\u00bb{}\u00bb][\/et_pb_image][\/et_pb_column][\/et_pb_row][\/et_pb_section]<\/p>\n","protected":false},"excerpt":{"rendered":"<p>14, 15 y 16 de noviembreParticipa y gana la posibilidad de viajar a los siguientes destinos:El sorteo del viaje se realizar\u00e1 durante el evento, y para que el premio sea v\u00e1lido, la persona ganadora deber\u00e1 estar presente f\u00edsicamente o conectada en vivo a la transmisi\u00f3n por streaming en el momento del anuncio.\u00a1Compra tu llavero de edici\u00f3n limitada! que te regala tu entrada al Geek Festival para que disfrutes del Hype Zone y te permite entrar al sorteo de uno de los destinos de viaje<div class=\"et_pb_with_border et_pb_module dsm_contact_form_7 dsm_contact_form_7_0 et_animated\">\n\t\t\t\t\n\t\t\t\t\n\t\t\t\t\n\t\t\t\t\n\t\t\t\t\n\t\t\t\t\n\t\t\t\t<div class=\"et_pb_module_inner\">\n\t\t\t\t\t<div class=\"\">\n\t\t\t\t\n<div class=\"wpcf7 no-js\" id=\"wpcf7-f456-o1\" lang=\"es-ES\" dir=\"ltr\" data-wpcf7-id=\"456\">\n<div class=\"screen-reader-response\"><p role=\"status\" aria-live=\"polite\" aria-atomic=\"true\"><\/p> <ul><\/ul><\/div>\n<form action=\"\/store\/wp-json\/wp\/v2\/pages\/93#wpcf7-f456-o1\" method=\"post\" class=\"wpcf7-form init\" aria-label=\"Formulario de contacto\" enctype=\"multipart\/form-data\" novalidate=\"novalidate\" data-status=\"init\">\n<fieldset class=\"hidden-fields-container\"><input type=\"hidden\" name=\"_wpcf7\" value=\"456\" \/><input type=\"hidden\" name=\"_wpcf7_version\" value=\"6.1.3\" \/><input type=\"hidden\" name=\"_wpcf7_locale\" value=\"es_ES\" \/><input type=\"hidden\" name=\"_wpcf7_unit_tag\" value=\"wpcf7-f456-o1\" \/><input type=\"hidden\" name=\"_wpcf7_container_post\" value=\"0\" \/><input type=\"hidden\" name=\"_wpcf7_posted_data_hash\" value=\"\" \/><input type=\"hidden\" name=\"_wpcf7cf_hidden_group_fields\" value=\"[]\" \/><input type=\"hidden\" name=\"_wpcf7cf_hidden_groups\" value=\"[]\" \/><input type=\"hidden\" name=\"_wpcf7cf_visible_groups\" value=\"[]\" \/><input type=\"hidden\" name=\"_wpcf7cf_repeaters\" value=\"[]\" \/><input type=\"hidden\" name=\"_wpcf7cf_steps\" value=\"{}\" \/><input type=\"hidden\" name=\"_wpcf7cf_options\" value=\"{&quot;form_id&quot;:456,&quot;conditions&quot;:[{&quot;then_field&quot;:&quot;yape&quot;,&quot;and_rules&quot;:[{&quot;if_field&quot;:&quot;pagos&quot;,&quot;operator&quot;:&quot;not empty&quot;,&quot;if_value&quot;:&quot;Yape&quot;}]}],&quot;settings&quot;:{&quot;animation&quot;:&quot;yes&quot;,&quot;animation_intime&quot;:200,&quot;animation_outtime&quot;:200,&quot;conditions_ui&quot;:&quot;normal&quot;,&quot;notice_dismissed&quot;:false,&quot;notice_dismissed_rollback-cf7-5.9.5&quot;:true}}\" \/><input type=\"hidden\" name=\"_uacf7_hidden_conditional_fields\" value=\"\" \/>\n<\/fieldset>\n<div class=\"uacf7-form-wrapper-container uacf7-form-456  \"><input class=\"wpcf7-form-control wpcf7-hidden\" id=\"order-number\" value=\"\" type=\"hidden\" name=\"order-number\" \/>\n<input class=\"wpcf7-form-control wpcf7-hidden\" id=\"submission-time\" value=\"\" type=\"hidden\" name=\"submission-time\" \/>\n<input class=\"wpcf7-form-control wpcf7-hidden\" id=\"voucher-url\" value=\"\" type=\"hidden\" name=\"voucher-url\" \/>\n<span class=\"wpcf7-form-control-wrap\" data-name=\"nombre\"><input size=\"40\" maxlength=\"400\" class=\"wpcf7-form-control wpcf7-text wpcf7-validates-as-required\" aria-required=\"true\" aria-invalid=\"false\" placeholder=\"Nombre(s)\" value=\"\" type=\"text\" name=\"nombre\" \/><\/span>\n<span class=\"wpcf7-form-control-wrap\" data-name=\"apellidos\"><input size=\"40\" maxlength=\"400\" class=\"wpcf7-form-control wpcf7-text wpcf7-validates-as-required\" aria-required=\"true\" aria-invalid=\"false\" placeholder=\"Apellidos\" value=\"\" type=\"text\" name=\"apellidos\" \/><\/span>\n<span class=\"wpcf7-form-control-wrap\" data-name=\"DNI\"><input size=\"40\" maxlength=\"400\" class=\"wpcf7-form-control wpcf7-text wpcf7-validates-as-required\" aria-required=\"true\" aria-invalid=\"false\" placeholder=\"DNI\" value=\"\" type=\"text\" name=\"DNI\" \/><\/span>\n<span class=\"wpcf7-form-control-wrap\" data-name=\"email\"><input size=\"40\" maxlength=\"400\" class=\"wpcf7-form-control wpcf7-email wpcf7-validates-as-required wpcf7-text wpcf7-validates-as-email\" aria-required=\"true\" aria-invalid=\"false\" placeholder=\"email@\" value=\"\" type=\"email\" name=\"email\" \/><\/span>\n<span class=\"wpcf7-form-control-wrap\" data-name=\"telefono\"><input size=\"40\" maxlength=\"400\" class=\"wpcf7-form-control wpcf7-tel wpcf7-validates-as-required wpcf7-text wpcf7-validates-as-tel\" aria-required=\"true\" aria-invalid=\"false\" placeholder=\"Tel\u00e9fono\" value=\"\" type=\"tel\" name=\"telefono\" \/><\/span>\n<br>\n\n<strong><h3>Elige tu llavero de edici\u00f3n limitada<\/h3><\/strong>\n<label><i>Cada llavero tiene un beneficio diferente<\/i><\/label>\n<br>\n<label><span class=\"wpcf7-form-control-wrap\" data-name=\"ORO\"><span class=\"wpcf7-form-control wpcf7-checkbox oculto\"><span class=\"wpcf7-list-item first last\"><label><input type=\"checkbox\" name=\"ORO[]\" value=\"30\" \/><span class=\"wpcf7-list-item-label\">30<\/span><\/label><\/span><\/span><\/span> ORO: incluye entrada de cortes\u00eda del d\u00eda viernes<br><\/label>\n<label><span class=\"wpcf7-form-control-wrap\" data-name=\"DIAMANTE\"><span class=\"wpcf7-form-control wpcf7-checkbox oculto\"><span class=\"wpcf7-list-item first last\"><label><input type=\"checkbox\" name=\"DIAMANTE[]\" value=\"30\" \/><span class=\"wpcf7-list-item-label\">30<\/span><\/label><\/span><\/span><\/span> DIAMANTE: incluye entrada de cortes\u00eda del d\u00eda s\u00e1bado<br><\/label>\n<label><span class=\"wpcf7-form-control-wrap\" data-name=\"PLATINO\"><span class=\"wpcf7-form-control wpcf7-checkbox oculto\"><span class=\"wpcf7-list-item first last\"><label><input type=\"checkbox\" name=\"PLATINO[]\" value=\"30\" \/><span class=\"wpcf7-list-item-label\">30<\/span><\/label><\/span><\/span><\/span> PLATINO: incluye entrada de cortes\u00eda del d\u00eda domingo<br><\/label>\n<label><span class=\"wpcf7-form-control-wrap\" data-name=\"COMBO1\"><span class=\"wpcf7-form-control wpcf7-checkbox oculto\"><span class=\"wpcf7-list-item first last\"><label><input type=\"checkbox\" name=\"COMBO1[]\" value=\"45\" \/><span class=\"wpcf7-list-item-label\">45<\/span><\/label><\/span><\/span><\/span> COMBO1: S\u00e1bado y domingo<br><\/label>\n<label><span class=\"wpcf7-form-control-wrap\" data-name=\"COMBO2\"><span class=\"wpcf7-form-control wpcf7-checkbox oculto\"><span class=\"wpcf7-list-item first last\"><label><input type=\"checkbox\" name=\"COMBO2[]\" value=\"55\" \/><span class=\"wpcf7-list-item-label\">55<\/span><\/label><\/span><\/span><\/span> COMBO2: Viernes, s\u00e1bado y domingo<br><\/label>\n<label><span class=\"wpcf7-form-control-wrap\" data-name=\"COMBO3\"><span class=\"wpcf7-form-control wpcf7-checkbox oculto\"><span class=\"wpcf7-list-item first last\"><label><input type=\"checkbox\" name=\"COMBO3[]\" value=\"45\" \/><span class=\"wpcf7-list-item-label\">45<\/span><\/label><\/span><\/span><\/span> COMBO3: Viernes y domingo<br><\/label>\n\n\n<strong><h3>Total<\/h3><\/strong>\n<span class=\"wpcf7-form-control-wrap TOTAL\"><input class=\"wpcf7-form-control wpcf7-calculator wpcf7-validates-as-calculator custom-calculator calculationcf7-total\" readonly=\"readonly\" type=\"text\" name=\"TOTAL\" value=\"0\" prefix=\"S\/\" data-formulas=\"ORO + DIAMANTE + PLATINO + COMBO1 + COMBO2 + COMBO3\" \/><\/span>\n<strong><h3>Pagar<\/h3><\/strong>\n\n<span class=\"wpcf7-form-control-wrap\" data-name=\"pagos\"><span class=\"wpcf7-form-control wpcf7-checkbox wpcf7-validates-as-required\"><span class=\"wpcf7-list-item first last\"><label><input type=\"checkbox\" name=\"pagos[]\" value=\"*Yape\" \/><span class=\"wpcf7-list-item-label\">*Yape<\/span><\/label><\/span><\/span><\/span>\n<div data-id=\"yape\" data-orig_data_id=\"yape\"  class=\"\" data-class=\"wpcf7cf_group\">\n<img decoding=\"async\" src=\"https:\/\/ghz.pe\/store\/wp-content\/uploads\/2025\/09\/79ce62dc-5db7-45b1-9917-741c61195198.jpeg\" alt=\"Yape Pago\" class=\"responsive-img\">\n<\/div>\n\n<br>\n<label><strong>Adjunte su voucher<\/strong><\/label>\n<span class=\"wpcf7-form-control-wrap\" data-name=\"voucher\"><input size=\"40\" class=\"wpcf7-form-control wpcf7-file wpcf7-validates-as-required\" accept=\"audio\/*,video\/*,image\/*\" aria-required=\"true\" aria-invalid=\"false\" type=\"file\" name=\"voucher\" \/><\/span>\n<br>&nbsp;<br>\n\n<span class=\"wpcf7-form-control-wrap\" data-name=\"terminos\"><span class=\"wpcf7-form-control wpcf7-checkbox wpcf7-validates-as-required\"><span class=\"wpcf7-list-item first last\"><label><input type=\"checkbox\" name=\"terminos[]\" value=\"Acepto\" \/><span class=\"wpcf7-list-item-label\">Acepto<\/span><\/label><\/span><\/span><\/span>\n<span style=\"color: #ffff00;\"><a style=\"color: #ffff00;\" href=\"https:\/\/ghz.pe\/DOC\/RG_GHZ.pdf\" target=\"_blank\">los t\u00e9rminos y condiciones<\/a><\/span>\n<br>&nbsp;<br>\n<button class=\"wpcf7-form-control wpcf7-submit has-spinner et_pb_button et_pb_bg_layout_light\" type=\"submit\" value=\"Enviar\">Enviar<\/button><\/div><div class=\"wpcf7-response-output\" aria-hidden=\"true\"><\/div>\n<\/form>\n<\/div>\n\n\t\t\t<\/div>\n\t\t\t\t<\/div>\n\t\t\t<\/div><\/p>\n","protected":false},"author":1,"featured_media":0,"parent":0,"menu_order":0,"comment_status":"closed","ping_status":"closed","template":"page-template-blank.php","meta":{"_et_pb_use_builder":"on","_et_pb_old_content":"[contact-form-7 id=\"e181f03\" title=\"HN2\"]","_et_gb_content_width":"","footnotes":""},"class_list":["post-93","page","type-page","status-publish","hentry"],"_links":{"self":[{"href":"https:\/\/ghz.pe\/store\/wp-json\/wp\/v2\/pages\/93","targetHints":{"allow":["GET"]}}],"collection":[{"href":"https:\/\/ghz.pe\/store\/wp-json\/wp\/v2\/pages"}],"about":[{"href":"https:\/\/ghz.pe\/store\/wp-json\/wp\/v2\/types\/page"}],"author":[{"embeddable":true,"href":"https:\/\/ghz.pe\/store\/wp-json\/wp\/v2\/users\/1"}],"replies":[{"embeddable":true,"href":"https:\/\/ghz.pe\/store\/wp-json\/wp\/v2\/comments?post=93"}],"version-history":[{"count":84,"href":"https:\/\/ghz.pe\/store\/wp-json\/wp\/v2\/pages\/93\/revisions"}],"predecessor-version":[{"id":704,"href":"https:\/\/ghz.pe\/store\/wp-json\/wp\/v2\/pages\/93\/revisions\/704"}],"wp:attachment":[{"href":"https:\/\/ghz.pe\/store\/wp-json\/wp\/v2\/media?parent=93"}],"curies":[{"name":"wp","href":"https:\/\/api.w.org\/{rel}","templated":true}]}}